{"id":2882,"date":"2025-09-16T10:20:42","date_gmt":"2025-09-16T14:20:42","guid":{"rendered":"https:\/\/depanneursprint.ca\/?page_id=2882"},"modified":"2025-11-04T12:09:10","modified_gmt":"2025-11-04T17:09:10","slug":"rapport-sur-le-travail-force-et-le-travail-des-enfants","status":"publish","type":"page","link":"https:\/\/depanneursprint.ca\/en\/rapport-sur-le-travail-force-et-le-travail-des-enfants\/","title":{"rendered":"Report on Forced Labor and Child Labor"},"content":{"rendered":"<div data-elementor-type=\"wp-page\" data-elementor-id=\"2882\" class=\"elementor elementor-2882\" data-elementor-post-type=\"page\">\n\t\t\t\t<div class=\"elementor-element elementor-element-815915e e-flex e-con-boxed e-con e-parent\" data-id=\"815915e\" data-element_type=\"container\" data-e-type=\"container\">\n\t\t\t\t\t<div class=\"e-con-inner\">\n\t\t\t\t<div class=\"elementor-element elementor-element-13afdd7 elementor-widget elementor-widget-button\" data-id=\"13afdd7\" data-element_type=\"widget\" data-e-type=\"widget\" data-widget_type=\"button.default\">\n\t\t\t\t<div class=\"elementor-widget-container\">\n\t\t\t\t\t\t\t\t\t<div class=\"elementor-button-wrapper\">\n\t\t\t\t\t<a class=\"elementor-button elementor-button-link elementor-size-sm\" href=\"#\">\n\t\t\t\t\t\t<span class=\"elementor-button-content-wrapper\">\n\t\t\t\t\t\t\t\t\t<span class=\"elementor-button-text\">Cliquez ici<\/span>\n\t\t\t\t\t<\/span>\n\t\t\t\t\t<\/a>\n\t\t\t\t<\/div>\n\t\t\t\t\t\t\t\t<\/div>\n\t\t\t\t<\/div>\n\t\t\t\t\t<\/div>\n\t\t\t\t<\/div>\n\t\t\t\t<\/div>","protected":false},"excerpt":{"rendered":"<p>Cliquez ici<\/p>","protected":false},"author":4,"featured_media":0,"parent":0,"menu_order":0,"comment_status":"closed","ping_status":"closed","template":"","meta":{"_seopress_robots_primary_cat":"","_seopress_titles_title":"Rapport sur le travail forc\u00e9 - D\u00e9panneur Sprint","_seopress_titles_desc":"Rapport sur le travail forc\u00e9 et le travail des enfants - D\u00e9panneur Sprint","_seopress_robots_index":"","footnotes":""},"class_list":["post-2882","page","type-page","status-publish","hentry"],"_links":{"self":[{"href":"https:\/\/depanneursprint.ca\/en\/wp-json\/wp\/v2\/pages\/2882","targetHints":{"allow":["GET"]}}],"collection":[{"href":"https:\/\/depanneursprint.ca\/en\/wp-json\/wp\/v2\/pages"}],"about":[{"href":"https:\/\/depanneursprint.ca\/en\/wp-json\/wp\/v2\/types\/page"}],"author":[{"embeddable":true,"href":"https:\/\/depanneursprint.ca\/en\/wp-json\/wp\/v2\/users\/4"}],"replies":[{"embeddable":true,"href":"https:\/\/depanneursprint.ca\/en\/wp-json\/wp\/v2\/comments?post=2882"}],"version-history":[{"count":0,"href":"https:\/\/depanneursprint.ca\/en\/wp-json\/wp\/v2\/pages\/2882\/revisions"}],"wp:attachment":[{"href":"https:\/\/depanneursprint.ca\/en\/wp-json\/wp\/v2\/media?parent=2882"}],"curies":[{"name":"wp","href":"https:\/\/api.w.org\/{rel}","templated":true}]}}